{"id":246,"date":"2021-04-29T03:36:59","date_gmt":"2021-04-29T03:36:59","guid":{"rendered":"https:\/\/tornimec.com\/index.php\/services\/"},"modified":"2025-03-13T16:48:47","modified_gmt":"2025-03-13T16:48:47","slug":"servicios","status":"publish","type":"page","link":"https:\/\/tornimec.com\/index.php\/servicios\/","title":{"rendered":"Servicios"},"content":{"rendered":"\t\t<div data-elementor-type=\"wp-page\" data-elementor-id=\"246\" class=\"elementor elementor-246\">\n\t\t\t\t\t\t\t\t\t<section class=\"elementor-section elementor-top-section elementor-element elementor-element-baf406e elementor-section-content-middle elementor-section-boxed elementor-section-height-default elementor-section-height-default\" data-id=\"baf406e\" data-element_type=\"section\" data-settings=\"{&quot;background_background&quot;:&quot;classic&quot;}\">\n\t\t\t\t\t\t\t<div class=\"elementor-background-overlay\"><\/div>\n\t\t\t\t\t\t\t<div class=\"elementor-container elementor-column-gap-no\">\n\t\t\t\t\t<div class=\"elementor-column elementor-col-100 elementor-top-column elementor-element elementor-element-a468d57\" data-id=\"a468d57\" data-element_type=\"column\">\n\t\t\t<div class=\"elementor-widget-wrap elementor-element-populated\">\n\t\t\t\t\t\t\t\t<div class=\"elementor-element elementor-element-edbe2e8 elementor-position-left elementor-vertical-align-top elementor-widget elementor-widget-image-box\" data-id=\"edbe2e8\" data-element_type=\"widget\" data-widget_type=\"image-box.default\">\n\t\t\t\t<div class=\"elementor-widget-container\">\n\t\t\t<div class=\"elementor-image-box-wrapper\"><div class=\"elementor-image-box-content\"><h1 class=\"elementor-image-box-title\">Servicios<\/h1><p class=\"elementor-image-box-description\">Prestamos servicios de mantenimiento de maquinaria industrial, fabricaci\u00f3n y dise\u00f1o de piezas y mantenimiento de sistemas el\u00e9ctricos.<\/p><\/div><\/div>\t\t<\/div>\n\t\t\t\t<\/div>\n\t\t\t\t\t<\/div>\n\t\t<\/div>\n\t\t\t\t\t\t\t<\/div>\n\t\t<\/section>\n\t\t\t\t<section class=\"elementor-section elementor-top-section elementor-element elementor-element-ffcffe2 elementor-section-boxed elementor-section-height-default elementor-section-height-default\" data-id=\"ffcffe2\" data-element_type=\"section\">\n\t\t\t\t\t\t<div class=\"elementor-container elementor-column-gap-no\">\n\t\t\t\t\t<div class=\"elementor-column elementor-col-100 elementor-top-column elementor-element elementor-element-9ba166f\" data-id=\"9ba166f\" data-element_type=\"column\">\n\t\t\t<div class=\"elementor-widget-wrap elementor-element-populated\">\n\t\t\t\t\t\t\t\t<div class=\"elementor-element elementor-element-94a141e elementor-widget elementor-widget-heading\" data-id=\"94a141e\" data-element_type=\"widget\" data-widget_type=\"heading.default\">\n\t\t\t\t<div class=\"elementor-widget-container\">\n\t\t\t<h2 class=\"elementor-heading-title elementor-size-default\">\u00bfC\u00f3mo podemos ayudarlo?<\/h2>\t\t<\/div>\n\t\t\t\t<\/div>\n\t\t\t\t<section class=\"elementor-section elementor-inner-section elementor-element elementor-element-d216bfb elementor-section-full_width elementor-section-height-default elementor-section-height-default\" data-id=\"d216bfb\" data-element_type=\"section\" id=\"metalmecanica\">\n\t\t\t\t\t\t<div class=\"elementor-container elementor-column-gap-default\">\n\t\t\t\t\t<div class=\"elementor-column elementor-col-50 elementor-inner-column elementor-element elementor-element-ad5cf3d\" data-id=\"ad5cf3d\" data-element_type=\"column\">\n\t\t\t<div class=\"elementor-widget-wrap elementor-element-populated\">\n\t\t\t\t\t\t\t\t<div class=\"elementor-element elementor-element-3fe32ca elementor-widget elementor-widget-image\" data-id=\"3fe32ca\" data-element_type=\"widget\" data-widget_type=\"image.default\">\n\t\t\t\t<div class=\"elementor-widget-container\">\n\t\t\t\t\t\t\t\t\t\t\t\t\t\t\t\t<a href=\"https:\/\/tornimec.com\/wp-content\/uploads\/2021\/06\/metalmecanica.jpg\" data-elementor-open-lightbox=\"yes\" data-elementor-lightbox-title=\"metalmecanica\" e-action-hash=\"#elementor-action%3Aaction%3Dlightbox%26settings%3DeyJpZCI6MTM3OCwidXJsIjoiaHR0cHM6XC9cL3Rvcm5pbWVjLmNvbVwvd3AtY29udGVudFwvdXBsb2Fkc1wvMjAyMVwvMDZcL21ldGFsbWVjYW5pY2EuanBnIn0%3D\">\n\t\t\t\t\t\t\t<img loading=\"lazy\" decoding=\"async\" width=\"512\" height=\"320\" src=\"https:\/\/tornimec.com\/wp-content\/uploads\/2021\/06\/metalmecanica.jpg\" class=\"attachment-large size-large\" alt=\"\" srcset=\"https:\/\/tornimec.com\/wp-content\/uploads\/2021\/06\/metalmecanica.jpg 512w, https:\/\/tornimec.com\/wp-content\/uploads\/2021\/06\/metalmecanica-300x188.jpg 300w\" sizes=\"auto, (max-width: 512px) 100vw, 512px\" \/>\t\t\t\t\t\t\t\t<\/a>\n\t\t\t\t\t\t\t\t\t\t\t\t\t\t\t<\/div>\n\t\t\t\t<\/div>\n\t\t\t\t\t<\/div>\n\t\t<\/div>\n\t\t\t\t<div class=\"elementor-column elementor-col-50 elementor-inner-column elementor-element elementor-element-02b211b\" data-id=\"02b211b\" data-element_type=\"column\">\n\t\t\t<div class=\"elementor-widget-wrap elementor-element-populated\">\n\t\t\t\t\t\t\t\t<div class=\"elementor-element elementor-element-634b989 elementor-widget elementor-widget-heading\" data-id=\"634b989\" data-element_type=\"widget\" data-widget_type=\"heading.default\">\n\t\t\t\t<div class=\"elementor-widget-container\">\n\t\t\t<h4 class=\"elementor-heading-title elementor-size-default\">Metalmec\u00e1nica<\/h4>\t\t<\/div>\n\t\t\t\t<\/div>\n\t\t\t\t<div class=\"elementor-element elementor-element-d7a267f elementor-widget elementor-widget-text-editor\" data-id=\"d7a267f\" data-element_type=\"widget\" data-widget_type=\"text-editor.default\">\n\t\t\t\t<div class=\"elementor-widget-container\">\n\t\t\t\t\t\t\t<ul><li>Fabricaci\u00f3n, montaje de elementos y estructuras met\u00e1licas, en los que intervienen procesos de soldaduras.<\/li><li>Dise\u00f1o y fabricaci\u00f3n de maquinaria industrial y agr\u00edcola.<\/li><li>Mantenimiento predictivo, preventivo y correctivo de equipos y maquinaria industrial.<\/li><li>Mantenimiento de sistemas el\u00e9ctricos.<\/li><li>Maquinados, fabricaci\u00f3n de piezas y elementos para maquinas.<\/li><li>Aplicaci\u00f3n de todo tipo de soldadura.<\/li><\/ul>\t\t\t\t\t\t<\/div>\n\t\t\t\t<\/div>\n\t\t\t\t\t<\/div>\n\t\t<\/div>\n\t\t\t\t\t\t\t<\/div>\n\t\t<\/section>\n\t\t\t\t<section class=\"elementor-section elementor-inner-section elementor-element elementor-element-3bac55f elementor-section-content-top elementor-section-boxed elementor-section-height-default elementor-section-height-default\" data-id=\"3bac55f\" data-element_type=\"section\">\n\t\t\t\t\t\t<div class=\"elementor-container elementor-column-gap-default\">\n\t\t\t\t\t<div class=\"elementor-column elementor-col-25 elementor-inner-column elementor-element elementor-element-471a6db\" data-id=\"471a6db\" data-element_type=\"column\">\n\t\t\t<div class=\"elementor-widget-wrap elementor-element-populated\">\n\t\t\t\t\t\t\t\t<div class=\"elementor-element elementor-element-58ff8ef elementor-widget elementor-widget-image\" data-id=\"58ff8ef\" data-element_type=\"widget\" data-widget_type=\"image.default\">\n\t\t\t\t<div class=\"elementor-widget-container\">\n\t\t\t\t\t\t\t\t\t\t\t\t\t\t\t\t<a href=\"https:\/\/tornimec.com\/wp-content\/uploads\/2021\/07\/tornimec-1-scaled.jpg\" data-elementor-open-lightbox=\"yes\" data-elementor-lightbox-title=\"Metalmec\u00e1nica Tornimec\" e-action-hash=\"#elementor-action%3Aaction%3Dlightbox%26settings%3DeyJpZCI6MTU0MiwidXJsIjoiaHR0cHM6XC9cL3Rvcm5pbWVjLmNvbVwvd3AtY29udGVudFwvdXBsb2Fkc1wvMjAyMVwvMDdcL3Rvcm5pbWVjLTEtc2NhbGVkLmpwZyJ9\">\n\t\t\t\t\t\t\t<img loading=\"lazy\" decoding=\"async\" width=\"768\" height=\"1024\" src=\"https:\/\/tornimec.com\/wp-content\/uploads\/2021\/07\/tornimec-1-768x1024.jpg\" class=\"attachment-large size-large\" alt=\"\" srcset=\"https:\/\/tornimec.com\/wp-content\/uploads\/2021\/07\/tornimec-1-768x1024.jpg 768w, https:\/\/tornimec.com\/wp-content\/uploads\/2021\/07\/tornimec-1-225x300.jpg 225w, https:\/\/tornimec.com\/wp-content\/uploads\/2021\/07\/tornimec-1-1152x1536.jpg 1152w, https:\/\/tornimec.com\/wp-content\/uploads\/2021\/07\/tornimec-1-1536x2048.jpg 1536w, https:\/\/tornimec.com\/wp-content\/uploads\/2021\/07\/tornimec-1-scaled.jpg 1920w\" sizes=\"auto, (max-width: 768px) 100vw, 768px\" \/>\t\t\t\t\t\t\t\t<\/a>\n\t\t\t\t\t\t\t\t\t\t\t\t\t\t\t<\/div>\n\t\t\t\t<\/div>\n\t\t\t\t\t<\/div>\n\t\t<\/div>\n\t\t\t\t<div class=\"elementor-column elementor-col-50 elementor-inner-column elementor-element elementor-element-cade907\" data-id=\"cade907\" data-element_type=\"column\">\n\t\t\t<div class=\"elementor-widget-wrap elementor-element-populated\">\n\t\t\t\t\t\t\t\t<div class=\"elementor-element elementor-element-226b3d0 elementor-widget elementor-widget-image\" data-id=\"226b3d0\" data-element_type=\"widget\" data-widget_type=\"image.default\">\n\t\t\t\t<div class=\"elementor-widget-container\">\n\t\t\t\t\t\t\t\t\t\t\t\t\t\t\t\t<a href=\"https:\/\/tornimec.com\/wp-content\/uploads\/2021\/07\/metalmecanica-04-scaled.jpg\" data-elementor-open-lightbox=\"yes\" data-elementor-lightbox-title=\"Metalmec\u00e1nica Tornimec\" e-action-hash=\"#elementor-action%3Aaction%3Dlightbox%26settings%3DeyJpZCI6MTYyNywidXJsIjoiaHR0cHM6XC9cL3Rvcm5pbWVjLmNvbVwvd3AtY29udGVudFwvdXBsb2Fkc1wvMjAyMVwvMDdcL21ldGFsbWVjYW5pY2EtMDQtc2NhbGVkLmpwZyJ9\">\n\t\t\t\t\t\t\t<img loading=\"lazy\" decoding=\"async\" width=\"768\" height=\"1024\" src=\"https:\/\/tornimec.com\/wp-content\/uploads\/2021\/07\/metalmecanica-04-768x1024.jpg\" class=\"attachment-large size-large\" alt=\"\" srcset=\"https:\/\/tornimec.com\/wp-content\/uploads\/2021\/07\/metalmecanica-04-768x1024.jpg 768w, https:\/\/tornimec.com\/wp-content\/uploads\/2021\/07\/metalmecanica-04-225x300.jpg 225w, https:\/\/tornimec.com\/wp-content\/uploads\/2021\/07\/metalmecanica-04-1152x1536.jpg 1152w, https:\/\/tornimec.com\/wp-content\/uploads\/2021\/07\/metalmecanica-04-1536x2048.jpg 1536w, https:\/\/tornimec.com\/wp-content\/uploads\/2021\/07\/metalmecanica-04-scaled.jpg 1920w\" sizes=\"auto, (max-width: 768px) 100vw, 768px\" \/>\t\t\t\t\t\t\t\t<\/a>\n\t\t\t\t\t\t\t\t\t\t\t\t\t\t\t<\/div>\n\t\t\t\t<\/div>\n\t\t\t\t\t<\/div>\n\t\t<\/div>\n\t\t\t\t<div class=\"elementor-column elementor-col-25 elementor-inner-column elementor-element elementor-element-9b97ea3\" data-id=\"9b97ea3\" data-element_type=\"column\">\n\t\t\t<div class=\"elementor-widget-wrap elementor-element-populated\">\n\t\t\t\t\t\t\t\t<div class=\"elementor-element elementor-element-a11a2db elementor-widget elementor-widget-image\" data-id=\"a11a2db\" data-element_type=\"widget\" data-widget_type=\"image.default\">\n\t\t\t\t<div class=\"elementor-widget-container\">\n\t\t\t\t\t\t\t\t\t\t\t\t\t\t\t\t<a href=\"https:\/\/tornimec.com\/wp-content\/uploads\/2021\/07\/metalmecanica-02-scaled.jpg\" data-elementor-open-lightbox=\"yes\" data-elementor-lightbox-title=\"Metalmec\u00e1nica Tornimec\" e-action-hash=\"#elementor-action%3Aaction%3Dlightbox%26settings%3DeyJpZCI6MTYyMywidXJsIjoiaHR0cHM6XC9cL3Rvcm5pbWVjLmNvbVwvd3AtY29udGVudFwvdXBsb2Fkc1wvMjAyMVwvMDdcL21ldGFsbWVjYW5pY2EtMDItc2NhbGVkLmpwZyJ9\">\n\t\t\t\t\t\t\t<img loading=\"lazy\" decoding=\"async\" width=\"768\" height=\"1024\" src=\"https:\/\/tornimec.com\/wp-content\/uploads\/2021\/07\/metalmecanica-02-768x1024.jpg\" class=\"attachment-large size-large\" alt=\"\" srcset=\"https:\/\/tornimec.com\/wp-content\/uploads\/2021\/07\/metalmecanica-02-768x1024.jpg 768w, https:\/\/tornimec.com\/wp-content\/uploads\/2021\/07\/metalmecanica-02-225x300.jpg 225w, https:\/\/tornimec.com\/wp-content\/uploads\/2021\/07\/metalmecanica-02-1152x1536.jpg 1152w, https:\/\/tornimec.com\/wp-content\/uploads\/2021\/07\/metalmecanica-02-1536x2048.jpg 1536w, https:\/\/tornimec.com\/wp-content\/uploads\/2021\/07\/metalmecanica-02-scaled.jpg 1920w\" sizes=\"auto, (max-width: 768px) 100vw, 768px\" \/>\t\t\t\t\t\t\t\t<\/a>\n\t\t\t\t\t\t\t\t\t\t\t\t\t\t\t<\/div>\n\t\t\t\t<\/div>\n\t\t\t\t\t<\/div>\n\t\t<\/div>\n\t\t\t\t<div class=\"elementor-column elementor-col-100 elementor-inner-column elementor-element elementor-element-73c3670\" data-id=\"73c3670\" data-element_type=\"column\">\n\t\t\t<div class=\"elementor-widget-wrap elementor-element-populated\">\n\t\t\t\t\t\t\t\t<div class=\"elementor-element elementor-element-c6e5a0b elementor-widget elementor-widget-image\" data-id=\"c6e5a0b\" data-element_type=\"widget\" data-widget_type=\"image.default\">\n\t\t\t\t<div class=\"elementor-widget-container\">\n\t\t\t\t\t\t\t\t\t\t\t\t\t\t\t\t<a href=\"https:\/\/tornimec.com\/wp-content\/uploads\/2021\/07\/metalmecanica-03-scaled.jpg\" data-elementor-open-lightbox=\"yes\" data-elementor-lightbox-title=\"Metalmec\u00e1nica Tornimec\" e-action-hash=\"#elementor-action%3Aaction%3Dlightbox%26settings%3DeyJpZCI6MTYyNiwidXJsIjoiaHR0cHM6XC9cL3Rvcm5pbWVjLmNvbVwvd3AtY29udGVudFwvdXBsb2Fkc1wvMjAyMVwvMDdcL21ldGFsbWVjYW5pY2EtMDMtc2NhbGVkLmpwZyJ9\">\n\t\t\t\t\t\t\t<img loading=\"lazy\" decoding=\"async\" width=\"768\" height=\"1024\" src=\"https:\/\/tornimec.com\/wp-content\/uploads\/2021\/07\/metalmecanica-03-768x1024.jpg\" class=\"attachment-large size-large\" alt=\"\" srcset=\"https:\/\/tornimec.com\/wp-content\/uploads\/2021\/07\/metalmecanica-03-768x1024.jpg 768w, https:\/\/tornimec.com\/wp-content\/uploads\/2021\/07\/metalmecanica-03-225x300.jpg 225w, https:\/\/tornimec.com\/wp-content\/uploads\/2021\/07\/metalmecanica-03-1152x1536.jpg 1152w, https:\/\/tornimec.com\/wp-content\/uploads\/2021\/07\/metalmecanica-03-1536x2048.jpg 1536w, https:\/\/tornimec.com\/wp-content\/uploads\/2021\/07\/metalmecanica-03-scaled.jpg 1920w\" sizes=\"auto, (max-width: 768px) 100vw, 768px\" \/>\t\t\t\t\t\t\t\t<\/a>\n\t\t\t\t\t\t\t\t\t\t\t\t\t\t\t<\/div>\n\t\t\t\t<\/div>\n\t\t\t\t\t<\/div>\n\t\t<\/div>\n\t\t\t\t\t\t\t<\/div>\n\t\t<\/section>\n\t\t\t\t<section class=\"elementor-section elementor-inner-section elementor-element elementor-element-c630400 elementor-section-boxed elementor-section-height-default elementor-section-height-default\" data-id=\"c630400\" data-element_type=\"section\">\n\t\t\t\t\t\t<div class=\"elementor-container elementor-column-gap-default\">\n\t\t\t\t\t\t\t\t<\/div>\n\t\t<\/section>\n\t\t\t\t<section class=\"elementor-section elementor-inner-section elementor-element elementor-element-dc48237 elementor-section-content-top elementor-section-boxed elementor-section-height-default elementor-section-height-default\" data-id=\"dc48237\" data-element_type=\"section\">\n\t\t\t\t\t\t<div class=\"elementor-container elementor-column-gap-default\">\n\t\t\t\t\t<div class=\"elementor-column elementor-col-25 elementor-inner-column elementor-element elementor-element-a8a171d\" data-id=\"a8a171d\" data-element_type=\"column\">\n\t\t\t<div class=\"elementor-widget-wrap elementor-element-populated\">\n\t\t\t\t\t\t\t\t<div class=\"elementor-element elementor-element-ed5efca elementor-widget elementor-widget-image\" data-id=\"ed5efca\" data-element_type=\"widget\" data-widget_type=\"image.default\">\n\t\t\t\t<div class=\"elementor-widget-container\">\n\t\t\t\t\t\t\t\t\t\t\t\t\t\t\t\t<a href=\"https:\/\/tornimec.com\/wp-content\/uploads\/2021\/06\/obrasa-civiles.jpg\" data-elementor-open-lightbox=\"yes\" data-elementor-lightbox-title=\"obrasa civiles\" e-action-hash=\"#elementor-action%3Aaction%3Dlightbox%26settings%3DeyJpZCI6MTM5NCwidXJsIjoiaHR0cHM6XC9cL3Rvcm5pbWVjLmNvbVwvd3AtY29udGVudFwvdXBsb2Fkc1wvMjAyMVwvMDZcL29icmFzYS1jaXZpbGVzLmpwZyJ9\">\n\t\t\t\t\t\t\t<img loading=\"lazy\" decoding=\"async\" width=\"1024\" height=\"684\" src=\"https:\/\/tornimec.com\/wp-content\/uploads\/2021\/06\/obrasa-civiles-1024x684.jpg\" class=\"attachment-large size-large\" alt=\"\" srcset=\"https:\/\/tornimec.com\/wp-content\/uploads\/2021\/06\/obrasa-civiles-1024x684.jpg 1024w, https:\/\/tornimec.com\/wp-content\/uploads\/2021\/06\/obrasa-civiles-300x200.jpg 300w, https:\/\/tornimec.com\/wp-content\/uploads\/2021\/06\/obrasa-civiles-768x513.jpg 768w, https:\/\/tornimec.com\/wp-content\/uploads\/2021\/06\/obrasa-civiles.jpg 1170w\" sizes=\"auto, (max-width: 1024px) 100vw, 1024px\" \/>\t\t\t\t\t\t\t\t<\/a>\n\t\t\t\t\t\t\t\t\t\t\t\t\t\t\t<\/div>\n\t\t\t\t<\/div>\n\t\t\t\t\t<\/div>\n\t\t<\/div>\n\t\t\t\t<div class=\"elementor-column elementor-col-50 elementor-inner-column elementor-element elementor-element-5968eef\" data-id=\"5968eef\" data-element_type=\"column\">\n\t\t\t<div class=\"elementor-widget-wrap elementor-element-populated\">\n\t\t\t\t\t\t\t\t<div class=\"elementor-element elementor-element-b40fd60 elementor-widget elementor-widget-image\" data-id=\"b40fd60\" data-element_type=\"widget\" data-widget_type=\"image.default\">\n\t\t\t\t<div class=\"elementor-widget-container\">\n\t\t\t\t\t\t\t\t\t\t\t\t\t\t\t\t<a href=\"https:\/\/tornimec.com\/wp-content\/uploads\/2021\/07\/obra-civil-tornimec.jpg\" data-elementor-open-lightbox=\"yes\" data-elementor-lightbox-title=\"obra civil Tornimec\" e-action-hash=\"#elementor-action%3Aaction%3Dlightbox%26settings%3DeyJpZCI6MTU1NSwidXJsIjoiaHR0cHM6XC9cL3Rvcm5pbWVjLmNvbVwvd3AtY29udGVudFwvdXBsb2Fkc1wvMjAyMVwvMDdcL29icmEtY2l2aWwtdG9ybmltZWMuanBnIn0%3D\">\n\t\t\t\t\t\t\t<img loading=\"lazy\" decoding=\"async\" width=\"1024\" height=\"576\" src=\"https:\/\/tornimec.com\/wp-content\/uploads\/2021\/07\/obra-civil-tornimec-1024x576.jpg\" class=\"attachment-large size-large\" alt=\"\" srcset=\"https:\/\/tornimec.com\/wp-content\/uploads\/2021\/07\/obra-civil-tornimec-1024x576.jpg 1024w, https:\/\/tornimec.com\/wp-content\/uploads\/2021\/07\/obra-civil-tornimec-300x169.jpg 300w, https:\/\/tornimec.com\/wp-content\/uploads\/2021\/07\/obra-civil-tornimec-768x432.jpg 768w, https:\/\/tornimec.com\/wp-content\/uploads\/2021\/07\/obra-civil-tornimec-1536x864.jpg 1536w, https:\/\/tornimec.com\/wp-content\/uploads\/2021\/07\/obra-civil-tornimec-2048x1152.jpg 2048w\" sizes=\"auto, (max-width: 1024px) 100vw, 1024px\" \/>\t\t\t\t\t\t\t\t<\/a>\n\t\t\t\t\t\t\t\t\t\t\t\t\t\t\t<\/div>\n\t\t\t\t<\/div>\n\t\t\t\t\t<\/div>\n\t\t<\/div>\n\t\t\t\t<div class=\"elementor-column elementor-col-25 elementor-inner-column elementor-element elementor-element-6088211\" data-id=\"6088211\" data-element_type=\"column\">\n\t\t\t<div class=\"elementor-widget-wrap elementor-element-populated\">\n\t\t\t\t\t\t\t\t<div class=\"elementor-element elementor-element-fa3fb85 elementor-widget elementor-widget-image\" data-id=\"fa3fb85\" data-element_type=\"widget\" data-widget_type=\"image.default\">\n\t\t\t\t<div class=\"elementor-widget-container\">\n\t\t\t\t\t\t\t\t\t\t\t\t\t\t\t\t<a href=\"https:\/\/tornimec.com\/wp-content\/uploads\/2021\/07\/obras-civiles.jpg\" data-elementor-open-lightbox=\"yes\" data-elementor-lightbox-title=\"obras civiles\" e-action-hash=\"#elementor-action%3Aaction%3Dlightbox%26settings%3DeyJpZCI6MTYxMiwidXJsIjoiaHR0cHM6XC9cL3Rvcm5pbWVjLmNvbVwvd3AtY29udGVudFwvdXBsb2Fkc1wvMjAyMVwvMDdcL29icmFzLWNpdmlsZXMuanBnIn0%3D\">\n\t\t\t\t\t\t\t<img loading=\"lazy\" decoding=\"async\" width=\"1024\" height=\"684\" src=\"https:\/\/tornimec.com\/wp-content\/uploads\/2021\/07\/obras-civiles-1024x684.jpg\" class=\"attachment-large size-large\" alt=\"\" srcset=\"https:\/\/tornimec.com\/wp-content\/uploads\/2021\/07\/obras-civiles-1024x684.jpg 1024w, https:\/\/tornimec.com\/wp-content\/uploads\/2021\/07\/obras-civiles-300x200.jpg 300w, https:\/\/tornimec.com\/wp-content\/uploads\/2021\/07\/obras-civiles-768x513.jpg 768w, https:\/\/tornimec.com\/wp-content\/uploads\/2021\/07\/obras-civiles-1536x1025.jpg 1536w, https:\/\/tornimec.com\/wp-content\/uploads\/2021\/07\/obras-civiles.jpg 2000w\" sizes=\"auto, (max-width: 1024px) 100vw, 1024px\" \/>\t\t\t\t\t\t\t\t<\/a>\n\t\t\t\t\t\t\t\t\t\t\t\t\t\t\t<\/div>\n\t\t\t\t<\/div>\n\t\t\t\t\t<\/div>\n\t\t<\/div>\n\t\t\t\t<div class=\"elementor-column elementor-col-100 elementor-inner-column elementor-element elementor-element-41eba1b\" data-id=\"41eba1b\" data-element_type=\"column\">\n\t\t\t<div class=\"elementor-widget-wrap elementor-element-populated\">\n\t\t\t\t\t\t\t\t<div class=\"elementor-element elementor-element-de5ea4c elementor-widget elementor-widget-image\" data-id=\"de5ea4c\" data-element_type=\"widget\" data-widget_type=\"image.default\">\n\t\t\t\t<div class=\"elementor-widget-container\">\n\t\t\t\t\t\t\t\t\t\t\t\t\t\t\t\t<a href=\"https:\/\/tornimec.com\/wp-content\/uploads\/2021\/07\/obra-civil.jpg\" data-elementor-open-lightbox=\"yes\" data-elementor-lightbox-title=\"obra civil\" e-action-hash=\"#elementor-action%3Aaction%3Dlightbox%26settings%3DeyJpZCI6MTU1MywidXJsIjoiaHR0cHM6XC9cL3Rvcm5pbWVjLmNvbVwvd3AtY29udGVudFwvdXBsb2Fkc1wvMjAyMVwvMDdcL29icmEtY2l2aWwuanBnIn0%3D\">\n\t\t\t\t\t\t\t<img loading=\"lazy\" decoding=\"async\" width=\"1024\" height=\"498\" src=\"https:\/\/tornimec.com\/wp-content\/uploads\/2021\/07\/obra-civil-1024x498.jpg\" class=\"attachment-large size-large\" alt=\"\" srcset=\"https:\/\/tornimec.com\/wp-content\/uploads\/2021\/07\/obra-civil-1024x498.jpg 1024w, https:\/\/tornimec.com\/wp-content\/uploads\/2021\/07\/obra-civil-300x146.jpg 300w, https:\/\/tornimec.com\/wp-content\/uploads\/2021\/07\/obra-civil-768x373.jpg 768w, https:\/\/tornimec.com\/wp-content\/uploads\/2021\/07\/obra-civil.jpg 1280w\" sizes=\"auto, (max-width: 1024px) 100vw, 1024px\" \/>\t\t\t\t\t\t\t\t<\/a>\n\t\t\t\t\t\t\t\t\t\t\t\t\t\t\t<\/div>\n\t\t\t\t<\/div>\n\t\t\t\t\t<\/div>\n\t\t<\/div>\n\t\t\t\t\t\t\t<\/div>\n\t\t<\/section>\n\t\t\t\t<section class=\"elementor-section elementor-inner-section elementor-element elementor-element-207efe9 elementor-section-boxed elementor-section-height-default elementor-section-height-default\" data-id=\"207efe9\" data-element_type=\"section\">\n\t\t\t\t\t\t<div class=\"elementor-container elementor-column-gap-default\">\n\t\t\t\t\t<div class=\"elementor-column elementor-col-100 elementor-inner-column elementor-element elementor-element-31d245a\" data-id=\"31d245a\" data-element_type=\"column\">\n\t\t\t<div class=\"elementor-widget-wrap elementor-element-populated\">\n\t\t\t\t\t\t\t\t<div class=\"elementor-element elementor-element-4266dbc elementor-align-center elementor-widget elementor-widget-button\" data-id=\"4266dbc\" data-element_type=\"widget\" data-widget_type=\"button.default\">\n\t\t\t\t<div class=\"elementor-widget-container\">\n\t\t\t\t\t<div class=\"elementor-button-wrapper\">\n\t\t\t<a href=\"\/index.php\/contacto\/\" class=\"elementor-button-link elementor-button elementor-size-sm\" role=\"button\">\n\t\t\t\t\t\t<span class=\"elementor-button-content-wrapper\">\n\t\t\t\t\t\t\t<span class=\"elementor-button-icon elementor-align-icon-right\">\n\t\t\t\t<i aria-hidden=\"true\" class=\"fas fa-arrow-right\"><\/i>\t\t\t<\/span>\n\t\t\t\t\t\t<span class=\"elementor-button-text\">Cont\u00e1ctenos<\/span>\n\t\t<\/span>\n\t\t\t\t\t<\/a>\n\t\t<\/div>\n\t\t\t\t<\/div>\n\t\t\t\t<\/div>\n\t\t\t\t\t<\/div>\n\t\t<\/div>\n\t\t\t\t\t\t\t<\/div>\n\t\t<\/section>\n\t\t\t\t\t<\/div>\n\t\t<\/div>\n\t\t\t\t\t\t\t<\/div>\n\t\t<\/section>\n\t\t\t\t<section class=\"elementor-section elementor-top-section elementor-element elementor-element-bf68540 elementor-section-content-middle elementor-section-boxed elementor-section-height-default elementor-section-height-default\" data-id=\"bf68540\" data-element_type=\"section\" data-settings=\"{&quot;background_background&quot;:&quot;classic&quot;}\">\n\t\t\t\t\t\t\t<div class=\"elementor-background-overlay\"><\/div>\n\t\t\t\t\t\t\t<div class=\"elementor-container elementor-column-gap-no\">\n\t\t\t\t\t<div class=\"elementor-column elementor-col-50 elementor-top-column elementor-element elementor-element-1dc2346\" data-id=\"1dc2346\" data-element_type=\"column\">\n\t\t\t<div class=\"elementor-widget-wrap elementor-element-populated\">\n\t\t\t\t\t\t\t\t<div class=\"elementor-element elementor-element-0b367b5 elementor-widget elementor-widget-image\" data-id=\"0b367b5\" data-element_type=\"widget\" data-widget_type=\"image.default\">\n\t\t\t\t<div class=\"elementor-widget-container\">\n\t\t\t\t\t\t\t\t\t\t\t\t\t\t\t<img decoding=\"async\" src=\"https:\/\/tornimec.com\/wp-content\/uploads\/elementor\/thumbs\/tornimec_auto_x2-p9qerbv4lz35yf1ixhzkklvvxdz36k4eghkrqkli14.jpg\" title=\"Equipo Tornimec\" alt=\"Equipo Tornimec\" \/>\t\t\t\t\t\t\t\t\t\t\t\t\t\t\t<\/div>\n\t\t\t\t<\/div>\n\t\t\t\t\t<\/div>\n\t\t<\/div>\n\t\t\t\t<div class=\"elementor-column elementor-col-50 elementor-top-column elementor-element elementor-element-68252cf\" data-id=\"68252cf\" data-element_type=\"column\" data-settings=\"{&quot;background_background&quot;:&quot;classic&quot;}\">\n\t\t\t<div class=\"elementor-widget-wrap elementor-element-populated\">\n\t\t\t\t\t<div class=\"elementor-background-overlay\"><\/div>\n\t\t\t\t\t\t\t\t<div class=\"elementor-element elementor-element-7ddbee3 elementor-widget elementor-widget-heading\" data-id=\"7ddbee3\" data-element_type=\"widget\" data-widget_type=\"heading.default\">\n\t\t\t\t<div class=\"elementor-widget-container\">\n\t\t\t<h2 class=\"elementor-heading-title elementor-size-default\">\u00a1Estamos aqu\u00ed para ayudar! <br>\u00a1Cont\u00e1ctenos hoy!<\/h2>\t\t<\/div>\n\t\t\t\t<\/div>\n\t\t\t\t<div class=\"elementor-element elementor-element-b8175d5 elementor-widget elementor-widget-button\" data-id=\"b8175d5\" data-element_type=\"widget\" data-widget_type=\"button.default\">\n\t\t\t\t<div class=\"elementor-widget-container\">\n\t\t\t\t\t<div class=\"elementor-button-wrapper\">\n\t\t\t<a href=\"\/index.php\/contacto\/\" class=\"elementor-button-link elementor-button elementor-size-sm\" role=\"button\">\n\t\t\t\t\t\t<span class=\"elementor-button-content-wrapper\">\n\t\t\t\t\t\t\t<span class=\"elementor-button-icon elementor-align-icon-right\">\n\t\t\t\t<i aria-hidden=\"true\" class=\"fas fa-arrow-right\"><\/i>\t\t\t<\/span>\n\t\t\t\t\t\t<span class=\"elementor-button-text\">Cont\u00e1ctenos<\/span>\n\t\t<\/span>\n\t\t\t\t\t<\/a>\n\t\t<\/div>\n\t\t\t\t<\/div>\n\t\t\t\t<\/div>\n\t\t\t\t\t<\/div>\n\t\t<\/div>\n\t\t\t\t\t\t\t<\/div>\n\t\t<\/section>\n\t\t\t\t\t\t\t<\/div>\n\t\t","protected":false},"excerpt":{"rendered":"<p>Servicios Prestamos servicios de mantenimiento de maquinaria industrial, fabricaci\u00f3n y dise\u00f1o de piezas y mantenimiento de sistemas el\u00e9ctricos. \u00bfC\u00f3mo podemos ayudarlo? Metalmec\u00e1nica Fabricaci\u00f3n, montaje de elementos y estructuras met\u00e1licas, en los que intervienen procesos de soldaduras. Dise\u00f1o y fabricaci\u00f3n de maquinaria industrial y agr\u00edcola. Mantenimiento predictivo, preventivo y correctivo de equipos y maquinaria industrial. Mantenimiento &hellip;<\/p>\n<p class=\"read-more\"> <a class=\"\" href=\"https:\/\/tornimec.com\/index.php\/servicios\/\"> <span class=\"screen-reader-text\">Servicios<\/span> Leer m\u00e1s &raquo;<\/a><\/p>\n","protected":false},"author":1,"featured_media":0,"parent":0,"menu_order":0,"comment_status":"closed","ping_status":"closed","template":"","meta":{"footnotes":""},"class_list":["post-246","page","type-page","status-publish","hentry"],"_links":{"self":[{"href":"https:\/\/tornimec.com\/index.php\/wp-json\/wp\/v2\/pages\/246","targetHints":{"allow":["GET"]}}],"collection":[{"href":"https:\/\/tornimec.com\/index.php\/wp-json\/wp\/v2\/pages"}],"about":[{"href":"https:\/\/tornimec.com\/index.php\/wp-json\/wp\/v2\/types\/page"}],"author":[{"embeddable":true,"href":"https:\/\/tornimec.com\/index.php\/wp-json\/wp\/v2\/users\/1"}],"replies":[{"embeddable":true,"href":"https:\/\/tornimec.com\/index.php\/wp-json\/wp\/v2\/comments?post=246"}],"version-history":[{"count":92,"href":"https:\/\/tornimec.com\/index.php\/wp-json\/wp\/v2\/pages\/246\/revisions"}],"predecessor-version":[{"id":1706,"href":"https:\/\/tornimec.com\/index.php\/wp-json\/wp\/v2\/pages\/246\/revisions\/1706"}],"wp:attachment":[{"href":"https:\/\/tornimec.com\/index.php\/wp-json\/wp\/v2\/media?parent=246"}],"curies":[{"name":"wp","href":"https:\/\/api.w.org\/{rel}","templated":true}]}}