{"id":247,"date":"2021-04-29T03:36:59","date_gmt":"2021-04-29T03:36:59","guid":{"rendered":"https:\/\/tornimec.com\/index.php\/contact\/"},"modified":"2026-01-30T15:50:14","modified_gmt":"2026-01-30T15:50:14","slug":"contacto","status":"publish","type":"page","link":"https:\/\/tornimec.com\/index.php\/contacto\/","title":{"rendered":"Contacto"},"content":{"rendered":"<h1>Contacto<\/h1>\n<p>Si desea obtener m\u00e1s informaci\u00f3n sobre nuestros servicios <\/p>\n<h5>Experiencia y calidad a su servicio<\/h5>\n<h2>Cont\u00e1ctenos<\/h2>\n<p>Para saber m\u00e1s sobre nuestros servicios o obtener una cotizaci\u00f3n.<\/p>\n<p><a style=\"color: #fff;\" href=\"mailto:gerencia@tornimec.com\">gerencia@tornimec.com<\/a><br \/>operaciones@tornimec.com<\/p>\n<p style=\"color: #fff;\">+57 313 390 8861 &#8211; Alirio Silva\u00a0<\/p>\n<p style=\"color: #fff;\">+57 321 468 2460 &#8211; Jos\u00e9 Medina<\/p>\n<h3>Envianos un mensaje<\/h3>\n<form id=\"wpforms-form-5\" data-formid=\"5\" method=\"post\" enctype=\"multipart\/form-data\" action=\"\/wp-admin\/admin-ajax.php\" data-token=\"267a0cdeedaf518a5397156acd7e5867\" data-token-time=\"1741883669\"><noscript>Por favor, activa JavaScript en tu navegador para completar este formulario.<\/noscript><label for=\"wpforms-5-field_0\">Name *<\/label><input type=\"text\" id=\"wpforms-5-field_0\" name=\"wpforms[fields][0][first]\" placeholder=\"Nombres\" required><label for=\"wpforms-5-field_0\">Nombre<\/label><input type=\"text\" id=\"wpforms-5-field_0-last\" name=\"wpforms[fields][0][last]\" placeholder=\"Apellidos\" required><label for=\"wpforms-5-field_0-last\">Apellidos<\/label><label for=\"wpforms-5-field_1\">Email *<\/label><input type=\"email\" id=\"wpforms-5-field_1\" name=\"wpforms[fields][1]\" placeholder=\"Correo\" spellcheck=\"false\" required><label for=\"wpforms-5-field_2\">Mensaje *<\/label><textarea id=\"wpforms-5-field_2\" name=\"wpforms[fields][2]\" placeholder=\"Mensaje\" required><\/textarea><!-- .wpforms-field-container --><input type=\"hidden\" name=\"wpforms[id]\" value=\"5\">\t\t\t<input\n\t\t\t\ttype=\"hidden\"\n\t\t\t\tname=\"wpforms[nonce]\"\n\t\t\t\tvalue=\"05b2ad0b2e\"\n\t\t\t\/><br \/>\n\t\t\t<input type=\"hidden\" name=\"page_title\" value=\"{page_title}\"><input type=\"hidden\" name=\"page_url\" value=\"http:\/\/page_url\"><input type=\"hidden\" name=\"url_referer\" value=\"http:\/\/url_referer\"><button type=\"submit\" name=\"wpforms[submit]\" id=\"wpforms-submit-5\" data-alt-text=\"Enviando...\" data-submit-text=\"Enviar Mensaje\" aria-live=\"assertive\" value=\"wpforms-submit\">Enviar Mensaje<\/button><\/form>\n<p>  <!-- .wpforms-container --><\/p>\n","protected":false},"excerpt":{"rendered":"<p>Contacto Si desea obtener m\u00e1s informaci\u00f3n sobre nuestros servicios Experiencia y calidad a su servicio Cont\u00e1ctenos Para saber m\u00e1s sobre nuestros servicios o obtener una cotizaci\u00f3n. gerencia@tornimec.comoperaciones@tornimec.com +57 313 390 8861 &#8211; Alirio Silva\u00a0 +57 321 468 2460 &#8211; Jos\u00e9 Medina Envianos un mensaje Por favor, activa JavaScript en tu navegador para completar este formulario.Name &hellip;<\/p>\n<p class=\"read-more\"> <a class=\"\" href=\"https:\/\/tornimec.com\/index.php\/contacto\/\"> <span class=\"screen-reader-text\">Contacto<\/span> Leer m\u00e1s &raquo;<\/a><\/p>\n","protected":false},"author":1,"featured_media":0,"parent":0,"menu_order":0,"comment_status":"closed","ping_status":"closed","template":"","meta":{"footnotes":""},"class_list":["post-247","page","type-page","status-publish","hentry"],"_links":{"self":[{"href":"https:\/\/tornimec.com\/index.php\/wp-json\/wp\/v2\/pages\/247","targetHints":{"allow":["GET"]}}],"collection":[{"href":"https:\/\/tornimec.com\/index.php\/wp-json\/wp\/v2\/pages"}],"about":[{"href":"https:\/\/tornimec.com\/index.php\/wp-json\/wp\/v2\/types\/page"}],"author":[{"embeddable":true,"href":"https:\/\/tornimec.com\/index.php\/wp-json\/wp\/v2\/users\/1"}],"replies":[{"embeddable":true,"href":"https:\/\/tornimec.com\/index.php\/wp-json\/wp\/v2\/comments?post=247"}],"version-history":[{"count":25,"href":"https:\/\/tornimec.com\/index.php\/wp-json\/wp\/v2\/pages\/247\/revisions"}],"predecessor-version":[{"id":1697,"href":"https:\/\/tornimec.com\/index.php\/wp-json\/wp\/v2\/pages\/247\/revisions\/1697"}],"wp:attachment":[{"href":"https:\/\/tornimec.com\/index.php\/wp-json\/wp\/v2\/media?parent=247"}],"curies":[{"name":"wp","href":"https:\/\/api.w.org\/{rel}","templated":true}]}}